{"id":75808,"date":"2026-01-12T00:40:08","date_gmt":"2026-01-11T22:40:08","guid":{"rendered":"https:\/\/jalavari.ee\/?post_type=product&#038;p=75808"},"modified":"2026-01-12T00:44:25","modified_gmt":"2026-01-11T22:44:25","slug":"puksid","status":"publish","type":"product","link":"https:\/\/jalavari.ee\/en\/epood\/riided\/puksid-seelikud\/puksid\/","title":{"rendered":"P\u00fcksid"},"content":{"rendered":"<p>V\u00dc 90cm-100cm, P\u00dc 110cm-140cm<\/p>\n","protected":false},"excerpt":{"rendered":"<p>V\u00dc 90cm-100cm, P\u00dc 110cm-140cm<\/p>\n","protected":false},"featured_media":75810,"template":"","meta":{"_monsterinsights_skip_tracking":false,"_monsterinsights_sitenote_active":false,"_monsterinsights_sitenote_note":"","_monsterinsights_sitenote_category":0,"_uf_show_specific_survey":0,"_uf_disable_surveys":false},"pwb-brand":[],"product_brand":[],"product_cat":[361,349],"product_tag":[],"class_list":{"0":"post-75808","1":"product","2":"type-product","3":"status-publish","4":"has-post-thumbnail","6":"product_cat-puksid-seelikud","7":"product_cat-riided","9":"first","10":"instock","11":"shipping-taxable","12":"purchasable","13":"product-type-simple"},"aioseo_notices":[],"brands":[],"_links":{"self":[{"href":"https:\/\/jalavari.ee\/en\/wp-json\/wp\/v2\/product\/75808","targetHints":{"allow":["GET"]}}],"collection":[{"href":"https:\/\/jalavari.ee\/en\/wp-json\/wp\/v2\/product"}],"about":[{"href":"https:\/\/jalavari.ee\/en\/wp-json\/wp\/v2\/types\/product"}],"version-history":[{"count":1,"href":"https:\/\/jalavari.ee\/en\/wp-json\/wp\/v2\/product\/75808\/revisions"}],"predecessor-version":[{"id":75812,"href":"https:\/\/jalavari.ee\/en\/wp-json\/wp\/v2\/product\/75808\/revisions\/75812"}],"wp:featuredmedia":[{"embeddable":true,"href":"https:\/\/jalavari.ee\/en\/wp-json\/wp\/v2\/media\/75810"}],"wp:attachment":[{"href":"https:\/\/jalavari.ee\/en\/wp-json\/wp\/v2\/media?parent=75808"}],"wp:term":[{"taxonomy":"pwb-brand","embeddable":true,"href":"https:\/\/jalavari.ee\/en\/wp-json\/wp\/v2\/pwb-brand?post=75808"},{"taxonomy":"product_brand","embeddable":true,"href":"https:\/\/jalavari.ee\/en\/wp-json\/wp\/v2\/product_brand?post=75808"},{"taxonomy":"product_cat","embeddable":true,"href":"https:\/\/jalavari.ee\/en\/wp-json\/wp\/v2\/product_cat?post=75808"},{"taxonomy":"product_tag","embeddable":true,"href":"https:\/\/jalavari.ee\/en\/wp-json\/wp\/v2\/product_tag?post=75808"}],"curies":[{"name":"wp","href":"https:\/\/api.w.org\/{rel}","templated":true}]}}